																																																																																																																																								{"id":25,"date":"2016-09-14T16:07:01","date_gmt":"2016-09-14T16:07:01","guid":{"rendered":"http:\/\/10.10.1.110\/itcba\/myresume\/?page_id=25"},"modified":"2024-01-09T12:22:28","modified_gmt":"2024-01-09T12:22:28","slug":"actividades-profesionales","status":"publish","type":"page","link":"http:\/\/cvbaran.cba.com.py\/?page_id=25","title":{"rendered":"Profesional"},"content":{"rendered":"<p><strong>ACTIVIDADES PROFESIONALES RESALTANTES<\/strong><\/p>\n<div class=\"su-list\" style=\"margin-left:0px\">\n<ul>\n<li><i class=\"sui sui-archive\" style=\"color:#333\"><\/i> Ministro Presidente del CONSEJO NACIONAL DE CIENCIA Y TECNOLOG\u00cdA (CONACYT). 2023 &#8211; Hoy.<\/li>\n<li><i class=\"sui sui-archive\" style=\"color:#333\"><\/i> Director propietario de la Consultora Bar\u00e1n y Asociados (ver http:\/\/www.cba.com.py). &#8211;\u00a01998 &#8211; Hoy.<\/li>\n<\/ul>\n<ul>\n<li><i class=\"sui sui-archive\" style=\"color:#333\"><\/i> Coordinador de Centros de Innovaci\u00f3n Cient\u00edfica y Tecnol\u00f3gica del Parque Tecnol\u00f3gico de ITAIPU. Antes, Asesor Cient\u00edfico y Tecnol\u00f3gico. &#8211;\u00a02011 &#8211; 2012.<\/li>\n<\/ul>\n<ul>\n<li><i class=\"sui sui-archive\" style=\"color:#333\"><\/i> Asesor Inform\u00e1tico de Nueva Americana con \u00e9nfasis en la implementaci\u00f3n de un Centro de Distribuci\u00f3n basado en un WMS (<em>Warehouse Management Systems<\/em>). &#8211;\u00a02010 &#8211; 2011.<\/li>\n<\/ul>\n<ul>\n<li><i class=\"sui sui-archive\" style=\"color:#333\"><\/i> Sistema Inform\u00e1tico para la Escuela Judicial del Consejo de la Magistratura.Programa de Fortalecimiento del Sistema de Justicia, con financiamiento del Pr\u00e9stamo BID N\u00ba 1723\/OC-PR. &#8211;\u00a02010 &#8211; 2011.<\/li>\n<\/ul>\n<ul>\n<li><i class=\"sui sui-archive\" style=\"color:#333\"><\/i> Desarrollo y implementaci\u00f3n de sistemas inform\u00e1ticos para la <em>Caja de Jubilaciones de Itaip\u00fa<\/em> \u2013 CAJUBI. &#8211;\u00a02005 &#8211; 2011.<\/li>\n<\/ul>\n<ul>\n<li><i class=\"sui sui-archive\" style=\"color:#333\"><\/i> Implementaci\u00f3n de un sistema de <em>workflow <\/em>para las oficinas de PNUD en Asunci\u00f3n \u2013 Paraguay. &#8211;\u00a02005 &#8211; 2011.<\/li>\n<\/ul>\n<ul>\n<li><i class=\"sui sui-archive\" style=\"color:#333\"><\/i> Asesor en Comunicaciones y Auditor Inform\u00e1tico de la cadena de supermercados <em>Super-6.<\/em> Responsable por el Plan Estrat\u00e9gico en Tecnolog\u00eda, el desarrollo de sistemas (en Oracle) y de la creaci\u00f3n del Departamento de Tecnolog\u00eda, donde se desempe\u00f1a como auditor tecnol\u00f3gico. &#8211; 1998 &#8211; 2009.<\/li>\n<\/ul>\n<ul>\n<li><i class=\"sui sui-archive\" style=\"color:#333\"><\/i> Asesoramiento t\u00e9cnico, apoyo a la infraestructura tecnol\u00f3gica, an\u00e1lisis de sistemas y desarrollo de software (en .NET) para el Proyecto de Digitalizaci\u00f3n del <em>Estudio Jur\u00eddico Berkemeyer<\/em>. &#8211;\u00a02002 &#8211; 2007.<\/li>\n<\/ul>\n<ul>\n<li><i class=\"sui sui-archive\" style=\"color:#333\"><\/i> Asesoramiento t\u00e9cnico, apoyo a la infraestructura tecnol\u00f3gica, an\u00e1lisis de sistemas y desarrollo de software para <em>Transcom S.A. &#8211;\u00a02003 &#8211; 2007.<\/em><\/li>\n<\/ul>\n<ul>\n<li><i class=\"sui sui-archive\" style=\"color:#333\"><\/i> Consultor de la <em>Uni\u00f3n Internacional de Telecomunicaciones<\/em> \u2013 UIT (con sede en Ginebra \u2013 Suiza) para el dise\u00f1o del sistema de informaci\u00f3n institucional de CONATEL. &#8211;\u00a02005 &#8211; 2006.<\/li>\n<\/ul>\n<ul>\n<li><i class=\"sui sui-archive\" style=\"color:#333\"><\/i> Consultor de Telecomunicaciones de<em> COPACO S.A. &#8211;\u00a02005.<\/em><\/li>\n<\/ul>\n<ul>\n<li><i class=\"sui sui-archive\" style=\"color:#333\"><\/i> Dise\u00f1o del <em>Sistema de Radiocomunicaciones para 5 departamentos y del Centro Nacional de Radiocomunicaciones<\/em>. Ministerio de Salud P\u00fablica y Bienestar Social, en el marco del Convenio de Pr\u00e9stamo 1006 OC-PR \u2013 UCP\/BID, como consultor del BID. Responsable t\u00e9cnico de la Licitaci\u00f3n P\u00fablica Internacional 02\/2004. &#8211;\u00a02005.<\/li>\n<\/ul>\n<ul>\n<li><i class=\"sui sui-archive\" style=\"color:#333\"><\/i> Asesoramiento t\u00e9cnico, consultor\u00eda y planeamiento estrat\u00e9gico de <em>NEXO S.A. &#8211;\u00a02003 &#8211; 2004.<\/em><\/li>\n<\/ul>\n<ul>\n<li><i class=\"sui sui-archive\" style=\"color:#333\"><\/i> Consultor del proyecto de microinform\u00e1tica de la <em>ITAIPU BINACIONAL<\/em>. &#8211;\u00a02002 &#8211; 2003.<\/li>\n<\/ul>\n<ul>\n<li><i class=\"sui sui-archive\" style=\"color:#333\"><\/i> Asesor Inform\u00e1tico y de Comunicaciones de la cooperativa <em>Coomecipar<\/em>. Responsable por las especificaciones t\u00e9cnicas del proyecto de modernizaci\u00f3n de equipos, redes y sistema de comunicaciones. Auditor del desarrollo de sistemas inform\u00e1ticos y precursor del proyecto de seguridad. &#8211;\u00a01998 &#8211; 2003.<\/li>\n<\/ul>\n<ul>\n<li><i class=\"sui sui-archive\" style=\"color:#333\"><\/i> Proyecto, fiscalizaci\u00f3n y certificaci\u00f3n del cableado estructurado para el edificio nuevo de la Cooperativa Universitaria. &#8211;\u00a02001\u00a0&#8211; 2002.<\/li>\n<\/ul>\n<ul>\n<li><i class=\"sui sui-archive\" style=\"color:#333\"><\/i> Consultor del proyecto PAR\/01\/004, colaborando con el dise\u00f1o y la preparaci\u00f3n de los pliegos de licitaci\u00f3n para una red nacional de telecomunicaciones que ampl\u00ede los servicios de la RMSP a importantes puntos del interior del pa\u00eds, incluyendo todas las capitales departamentales. &#8211;\u00a02001\u00a0&#8211;\u00a02002.<\/li>\n<\/ul>\n<ul>\n<li><i class=\"sui sui-archive\" style=\"color:#333\"><\/i> Proyecto de dise\u00f1o e implementaci\u00f3n del <em>Sistema de Informaci\u00f3n Comercial<\/em>. Ministerio de Industria y Comercio, en el marco del Convenio ATN\/SF-5888-PR. &#8211;\u00a02000 &#8211; 2002.<\/li>\n<\/ul>\n<ul>\n<li><i class=\"sui sui-archive\" style=\"color:#333\"><\/i> Desarrollo del software e implementaci\u00f3n de sistemas para proyectos de Telecel. &#8211;\u00a02001 &#8211; 2002.<\/li>\n<\/ul>\n<ul>\n<li><i class=\"sui sui-archive\" style=\"color:#333\"><\/i> Consultor en Seguridad Inform\u00e1tica y Redes de Computadoras. Banco Sudameris. &#8211;\u00a02000 &#8211; 2001.<\/li>\n<\/ul>\n<ul>\n<li><i class=\"sui sui-archive\" style=\"color:#333\"><\/i> Asesor inform\u00e1tico por el PNUD (Naciones Unidas) para el proyecto de Modernizaci\u00f3n del Poder Judicial, en el marco del Proyecto PAR97\/017, apoyando a la Corte Suprema de Justicia y la Fiscal\u00eda General del Estado. &#8211;\u00a02000 &#8211; 2001.<\/li>\n<\/ul>\n<ul>\n<li><i class=\"sui sui-archive\" style=\"color:#333\"><\/i> Consultor de comunicaciones del Proyecto de Salud Materna y Desarrollo Integral del Ni\u00f1o\/a del Ministerio de Salud P\u00fablica y Bienestar Social. Responsable por la redacci\u00f3n del Plan Director de Comunicaciones, el proyecto de radio-comunicaciones y la creaci\u00f3n de un Departamento de Comunicaciones en el MSPyBS. &#8211;\u00a01999 &#8211; 2002.<\/li>\n<\/ul>\n<ul>\n<li><i class=\"sui sui-archive\" style=\"color:#333\"><\/i> Proyecto de comunicaciones para la interconexi\u00f3n de las agencias de la empresa <em>Ntra. Sra. de la Asunci\u00f3n, <\/em>integrando oficinas de Chile, Argentina, Brasil y Paraguay<em>. &#8211;\u00a01999 &#8211; 2001.<\/em><\/li>\n<\/ul>\n<ul>\n<li><i class=\"sui sui-archive\" style=\"color:#333\"><\/i> Coordinador de Investigaci\u00f3n del <em>Centro Nacional de Computaci\u00f3n<\/em> de la Universidad Nacional de Asunci\u00f3n (CNC-UNA). Director de varios proyectos de investigaci\u00f3n en el \u00e1rea de Sistemas Distribuidos. &#8211;\u00a01994 &#8211; 2007.<\/li>\n<\/ul>\n<ul>\n<li><i class=\"sui sui-archive\" style=\"color:#333\"><\/i> Asesor del Supermercado Arco Iris de Ciudad del Este. &#8211;\u00a02000.<\/li>\n<\/ul>\n<ul>\n<li><i class=\"sui sui-archive\" style=\"color:#333\"><\/i> Consultor del proyecto de Fortalecimiento de la Superintendencia de Bancos del Paraguay, en el marco del convenio ATN\/MT-5479-PR, desarrollando el sistema inform\u00e1tico para generar el Bolet\u00edn Estad\u00edstico. &#8211;\u00a01999 &#8211; 2000.<\/li>\n<\/ul>\n<ul>\n<li><i class=\"sui sui-archive\" style=\"color:#333\"><\/i> Asesor Inform\u00e1tico del Proyecto de Modernizaci\u00f3n del Registro del Estado Civil, por la Agencia Especializada de la OEA. &#8211;\u00a01998.<\/li>\n<\/ul>\n<ul>\n<li><i class=\"sui sui-archive\" style=\"color:#333\"><\/i> Consultor del proyecto de Gerencia Integrada de Recursos de Comunicaciones e Inform\u00e1tica de la Itaip\u00fa Binacional. Curitiba &#8211; Brasil. &#8211;\u00a01999.<\/li>\n<li><i class=\"sui sui-archive\" style=\"color:#333\"><\/i> Auditor Inform\u00e1tico del Banco del Paran\u00e1 por la consultora <em>Rubinsztein &amp; Guill\u00e9n. &#8211;\u00a01999.<\/em><\/li>\n<\/ul>\n<ul>\n<li><i class=\"sui sui-archive\" style=\"color:#333\"><\/i> Asesor Inform\u00e1tico y en Comunicaciones de la empresa <em>London Import<\/em>. &#8211;\u00a01998 &#8211; 1999.<\/li>\n<\/ul>\n<ul>\n<li><i class=\"sui sui-archive\" style=\"color:#333\"><\/i> Consultor en Sistemas de Informaci\u00f3n para el proyecto de Modernizaci\u00f3n del Registro del Estado Civil del Paraguay, en colaboraci\u00f3n con la Agencia Especializada de la Organizaci\u00f3n de Estados Americanos (OEA). &#8211; 1998 &#8211; 1999.<\/li>\n<\/ul>\n<ul>\n<li><i class=\"sui sui-archive\" style=\"color:#333\"><\/i> Asesor tecnol\u00f3gico de la <em>Financiera Familiar<\/em>, en proyectos de comunicaciones y capacitaci\u00f3n. &#8211;\u00a01998.<\/li>\n<li><i class=\"sui sui-archive\" style=\"color:#333\"><\/i> Asesor inform\u00e1tico del <em>Club Centenario<\/em> para proyecto de modernizaci\u00f3n en comunicaciones. &#8211;\u00a01998.<\/li>\n<li><i class=\"sui sui-archive\" style=\"color:#333\"><\/i> Asesor inform\u00e1tico de la empresa <em>C.G.L.<\/em>, en el proyecto de modernizaci\u00f3n inform\u00e1tica. &#8211;\u00a01998.<\/li>\n<li><i class=\"sui sui-archive\" style=\"color:#333\"><\/i> Consultor Inform\u00e1tico en el Proyecto de Racionalizaci\u00f3n en el Uso de la Tierra (PRUT) del Sistema Nacional de Catastros (SNC), por la empresa <em>Kadaster <\/em>de Holanda. &#8211;\u00a01998.<\/li>\n<\/ul>\n<ul>\n<li><i class=\"sui sui-archive\" style=\"color:#333\"><\/i> Consultor Nacional del PNUD en el \u00e1rea de Comunicaciones. Responsable por el dise\u00f1o, la redacci\u00f3n del pliego de licitaci\u00f3n y la implementaci\u00f3n de la Red Metropolitana del Sector P\u00fablico (RMSP). Coordinador del Proyecto conforme Resoluci\u00f3n M.H. N\u00b0 1946 del 5\/nov\/96. Coordinador T\u00e9cnico del Proyecto de la Red Nacional del Sector P\u00fablico paraguayo por Resoluci\u00f3n M.H. N\u00b0 354 del 19\/mar\/98. &#8211;\u00a01995 &#8211; 1998.<\/li>\n<\/ul>\n<ul>\n<li><i class=\"sui sui-archive\" style=\"color:#333\"><\/i> Consultor Nacional del PNUD (<em>Naciones Unidas)<\/em>\u00a0 para el proyecto de Comunicaciones de la Super-Intendencia de Bancos y el Banco Central Paraguay, como responsable por el dise\u00f1o del cableado estructurado del BCP\u00a0 y asesor del pliego t\u00e9cnico de licitaci\u00f3n. &#8211;\u00a01995.<\/li>\n<\/ul>\n<ul>\n<li><i class=\"sui sui-archive\" style=\"color:#333\"><\/i> Presidente de la empresa <em>Netsystem S.A<\/em>, distribuidor oficial de los sistemas computacionales Hewlett-Packard y de los servicios de comunicaci\u00f3n de AT&amp;T EasyMail para el Paraguay, con actuaci\u00f3n en \u00e1reas de telecomunicaciones, redes de computadoras, workstations, Cliente\/Servidor y ambiente Unix. &#8211;\u00a01994 &#8211; 1995.<\/li>\n<\/ul>\n<ul>\n<li><i class=\"sui sui-archive\" style=\"color:#333\"><\/i> Asesor en <em>Inform\u00e1tica S.A<\/em>., realizando trabajos de consultor\u00eda y evaluaci\u00f3n de sistemas en las \u00e1reas de computaci\u00f3n y comunicaciones, como el realizado en el Banco Central del Paraguay para definir las redes locales y extendidas del BCP y su interconexi\u00f3n con el sistema financiero paraguayo. &#8211;\u00a01993 &#8211; 1994.<\/li>\n<\/ul>\n<ul>\n<li><i class=\"sui sui-archive\" style=\"color:#333\"><\/i> Consultor por <em>Inform\u00e1tica S.A.<\/em> participando del Proyecto SCADA\/EMS de <em>ITAIPU<\/em>, colaborando en la elaboraci\u00f3n de las especificaciones t\u00e9cnicas y <em>workstatement<\/em>. Participaci\u00f3n en el desarrollo del software de Pre y Pos-operaci\u00f3n. R\u00edo de Janeiro &#8211; Brasil, con trabajos en Viena &#8211; Austria. &#8211;\u00a01988 &#8211; 1990 .<\/li>\n<\/ul>\n<ul>\n<li><i class=\"sui sui-archive\" style=\"color:#333\"><\/i> Consultor Cient\u00edfico del <em>Laboratorio de Electr\u00f3nica Digital<\/em> (LED) de la Universidad Cat\u00f3lica del Paraguay. Coordinador de varios proyectos en el \u00e1rea de electr\u00f3nica. &#8211;\u00a01987 &#8211; 1988.<\/li>\n<\/ul>\n<ul>\n<li><i class=\"sui sui-archive\" style=\"color:#333\"><\/i> Jefe del <em>Laboratorio de Electrot\u00e9cnica<\/em> de la Facultad de Ingenier\u00eda de la UNA. &#8211;\u00a01983 &#8211; 1988.<\/li>\n<\/ul>\n<ul>\n<li><i class=\"sui sui-archive\" style=\"color:#333\"><\/i> Jefe de los\u00a0 <em>Laboratorios de Transmisiones y Conmutaci\u00f3n<\/em> del\u00a0 Instituto Paraguayo de Telecomunicaciones, IPT &#8211; ANTELCO. &#8211;\u00a01983 &#8211; 1988.<\/li>\n<\/ul>\n<ul>\n<li><i class=\"sui sui-archive\" style=\"color:#333\"><\/i> Ayudante del <em>Laboratorio de F\u00edsica<\/em> de la Facultad de Ingenier\u00eda, UNA. &#8211;\u00a01979 &#8211; 1982.<\/li>\n<\/ul>\n<\/div>\n","protected":false},"excerpt":{"rendered":"<p>ACTIVIDADES PROFESIONALES RESALTANTES<\/p>\n","protected":false},"author":1,"featured_media":0,"parent":0,"menu_order":0,"comment_status":"closed","ping_status":"closed","template":"","meta":{"footnotes":""},"class_list":["post-25","page","type-page","status-publish","hentry"],"_links":{"self":[{"href":"http:\/\/cvbaran.cba.com.py\/index.php?rest_route=\/wp\/v2\/pages\/25","targetHints":{"allow":["GET"]}}],"collection":[{"href":"http:\/\/cvbaran.cba.com.py\/index.php?rest_route=\/wp\/v2\/pages"}],"about":[{"href":"http:\/\/cvbaran.cba.com.py\/index.php?rest_route=\/wp\/v2\/types\/page"}],"author":[{"embeddable":true,"href":"http:\/\/cvbaran.cba.com.py\/index.php?rest_route=\/wp\/v2\/users\/1"}],"replies":[{"embeddable":true,"href":"http:\/\/cvbaran.cba.com.py\/index.php?rest_route=%2Fwp%2Fv2%2Fcomments&post=25"}],"version-history":[{"count":7,"href":"http:\/\/cvbaran.cba.com.py\/index.php?rest_route=\/wp\/v2\/pages\/25\/revisions"}],"predecessor-version":[{"id":769,"href":"http:\/\/cvbaran.cba.com.py\/index.php?rest_route=\/wp\/v2\/pages\/25\/revisions\/769"}],"wp:attachment":[{"href":"http:\/\/cvbaran.cba.com.py\/index.php?rest_route=%2Fwp%2Fv2%2Fmedia&parent=25"}],"curies":[{"name":"wp","href":"https:\/\/api.w.org\/{rel}","templated":true}]}}