																																																																																																																																								{"id":509,"date":"2022-10-06T15:20:06","date_gmt":"2022-10-06T15:20:06","guid":{"rendered":"http:\/\/cvbaran.cba.com.py\/?page_id=509"},"modified":"2022-10-10T15:14:52","modified_gmt":"2022-10-10T15:14:52","slug":"ensayos-en-honor-al-prof-dr-benjamin-baran","status":"publish","type":"page","link":"http:\/\/cvbaran.cba.com.py\/?page_id=509","title":{"rendered":"Ensayos en Honor al Prof. Dr. Benjam\u00edn Bar\u00e1n"},"content":{"rendered":"<h2 style=\"text-align: center;\"><\/h2>\n<h2 style=\"text-align: center;\">Ensayos en Honor al Prof. Dr. Benjam\u00edn Bar\u00e1n<br \/>\nDiego Pinto-Roa, Christian von L\u00fccken, Marcos Villagra (editores)<br \/>\nJulio 2022.<\/h2>\n<p>&nbsp;<\/p>\n<h2><span style=\"text-decoration: underline;\"><strong>Tabla de Contenidos<\/strong><\/span><\/h2>\n<ul>\n<li>\n<h3><a href=\"http:\/\/cvbaran.cba.com.py\/?p=548\" target=\"_blank\">Prefacio<\/a><\/h3>\n<\/li>\n<li>\n<h3>Contribuciones<\/h3>\n<ol>\n<li>\n<h5><a href=\"http:\/\/cvbaran.cba.com.py\/?p=540\" target=\"_blank\">Un Juego Cooperativo para la Asignaci\u00f3n de Longitudes de Onda en Redes WDM &#8211; Horacio Caniza<\/a><\/h5>\n<\/li>\n<li>\n<h5><a href=\"http:\/\/cvbaran.cba.com.py\/?p=557\" target=\"_blank\">Trabajos de Investigaci\u00f3n usando Computaci\u00f3n Paralela y Algoritmos MetaHeur\u0131\u0301sticos en Sistemas El\u00e9ctricos de Potencia desarrollados con el Dr. Benjam\u0131\u0301n Baran &#8211; Enrique Ram\u00f3n Chaparro Viveros<\/a><\/h5>\n<\/li>\n<li>\n<h5><a href=\"http:\/\/cvbaran.cba.com.py\/?p=580\" target=\"_blank\">Trabajos en conjunto con el profesor Benjam\u0131\u0301n Bar\u00e1n &#8211; Enrique Javier D\u00e1valos<\/a><\/h5>\n<\/li>\n<li>\n<h5><a href=\"http:\/\/cvbaran.cba.com.py\/?p=587\" target=\"_blank\">Experiencias personales con el Prof. Benjam\u0131\u0301n Bar\u00e1n &#8211; Diego P. Pinto-Roa<\/a><\/h5>\n<\/li>\n<li>\n<h5><a href=\"http:\/\/cvbaran.cba.com.py\/?p=592\" target=\"_blank\">Breve resumen de mi experiencia personal con el Prof. Benjam\u0131\u0301n Bar\u00e1n &#8211; V\u0131\u0301ctor Gonz\u00e1lez Chamorro<\/a><\/h5>\n<\/li>\n<li>\n<h5><a href=\"http:\/\/cvbaran.cba.com.py\/?p=597\" target=\"_blank\">Algoritmos Evolutivos como Herramienta para el Crecimiento Profesional y el Desarrollo de la Ciencia en el Paraguay: Mi Experiencia Personal con el Profesor Benjam\u0131\u0301n Bar\u00e1n &#8211; Aldo Sotelo<\/a><\/h5>\n<\/li>\n<li>\n<h5><a href=\"http:\/\/cvbaran.cba.com.py\/?p=601\" target=\"_blank\">Algoritmos Evolutivos para Optimizaci\u00f3n Multiobjetivo: un estudio comparativo en un ambiente paralelo as\u0131\u0301ncrono &#8211; Christian Daniel von L\u00fccken Mart\u0131\u0301nez<\/a><\/h5>\n<\/li>\n<\/ol>\n<\/li>\n<\/ul>\n","protected":false},"excerpt":{"rendered":"<p>Ensayos en Honor al Prof. Dr. Benjam\u00edn Bar\u00e1n Diego Pinto-Roa, Christian von L\u00fccken, Marcos Villagra (editores) Julio 2022. &nbsp; Tabla de Contenidos Prefacio Contribuciones Un Juego Cooperativo para la Asignaci\u00f3n de Longitudes de Onda en Redes WDM &#8211; Horacio Caniza Trabajos de Investigaci\u00f3n usando Computaci\u00f3n Paralela y Algoritmos MetaHeur\u0131\u0301sticos en Sistemas El\u00e9ctricos de Potencia desarrollados [&hellip;]<\/p>\n","protected":false},"author":1,"featured_media":0,"parent":0,"menu_order":0,"comment_status":"closed","ping_status":"closed","template":"","meta":{"footnotes":""},"class_list":["post-509","page","type-page","status-publish","hentry"],"_links":{"self":[{"href":"http:\/\/cvbaran.cba.com.py\/index.php?rest_route=\/wp\/v2\/pages\/509","targetHints":{"allow":["GET"]}}],"collection":[{"href":"http:\/\/cvbaran.cba.com.py\/index.php?rest_route=\/wp\/v2\/pages"}],"about":[{"href":"http:\/\/cvbaran.cba.com.py\/index.php?rest_route=\/wp\/v2\/types\/page"}],"author":[{"embeddable":true,"href":"http:\/\/cvbaran.cba.com.py\/index.php?rest_route=\/wp\/v2\/users\/1"}],"replies":[{"embeddable":true,"href":"http:\/\/cvbaran.cba.com.py\/index.php?rest_route=%2Fwp%2Fv2%2Fcomments&post=509"}],"version-history":[{"count":22,"href":"http:\/\/cvbaran.cba.com.py\/index.php?rest_route=\/wp\/v2\/pages\/509\/revisions"}],"predecessor-version":[{"id":513,"href":"http:\/\/cvbaran.cba.com.py\/index.php?rest_route=\/wp\/v2\/pages\/509\/revisions\/513"}],"wp:attachment":[{"href":"http:\/\/cvbaran.cba.com.py\/index.php?rest_route=%2Fwp%2Fv2%2Fmedia&parent=509"}],"curies":[{"name":"wp","href":"https:\/\/api.w.org\/{rel}","templated":true}]}}