																																																																																																																																								{"id":957,"date":"2025-10-21T19:07:14","date_gmt":"2025-10-21T19:07:14","guid":{"rendered":"http:\/\/cvbaran.cba.com.py\/?page_id=957"},"modified":"2025-10-21T19:30:08","modified_gmt":"2025-10-21T19:30:08","slug":"noticias-2023","status":"publish","type":"page","link":"http:\/\/cvbaran.cba.com.py\/?page_id=957","title":{"rendered":"Noticias 2023"},"content":{"rendered":"\n<div class=\"wp-block-group\"><div class=\"wp-block-group__inner-container is-layout-constrained wp-block-group-is-layout-constrained\">\n<div class=\"wp-block-columns are-vertically-aligned-top is-layout-flex wp-container-core-columns-is-layout-9d6595d7 wp-block-columns-is-layout-flex\">\n<div class=\"wp-block-column is-vertically-aligned-top is-layout-flow wp-block-column-is-layout-flow\" style=\"flex-basis:100%\">\n\n\t\t<style type=\"text\/css\">\n\t\t\t#gallery-2 {\n\t\t\t\tmargin: auto;\n\t\t\t}\n\t\t\t#gallery-2 .gallery-item {\n\t\t\t\tfloat: left;\n\t\t\t\tmargin-top: 10px;\n\t\t\t\ttext-align: center;\n\t\t\t\twidth: 25%;\n\t\t\t}\n\t\t\t#gallery-2 img {\n\t\t\t\tborder: 2px solid #cfcfcf;\n\t\t\t}\n\t\t\t#gallery-2 .gallery-caption {\n\t\t\t\tmargin-left: 0;\n\t\t\t}\n\t\t\t\/* see gallery_shortcode() in wp-includes\/media.php *\/\n\t\t<\/style>\n\t\t<div id='gallery-2' class='gallery galleryid-957 gallery-columns-4 gallery-size-thumbnail'><dl class='gallery-item'>\n\t\t\t<dt class='gallery-icon landscape'>\n\t\t\t\t<a href=\"https:\/\/cienciasdelsur.com\/2023\/11\/21\/paraguay-acelerar-produccion-cientifica-aumentar-investigadores-conacyt\/\" class=\"no-lightbox\"><img loading=\"lazy\" decoding=\"async\" width=\"150\" height=\"150\" src=\"http:\/\/cvbaran.cba.com.py\/wp-content\/uploads\/2023\/11\/unae-baran-150x150.jpg\" class=\"attachment-thumbnail size-thumbnail\" alt=\"Paraguay necesita acelerar producci\u00f3n y calidad cient\u00edfica: nuevo presidente del CONACYT\" aria-describedby=\"gallery-2-761\" \/><\/a>\n\t\t\t<\/dt>\n\t\t\t\t<dd class='wp-caption-text gallery-caption' id='gallery-2-761'>\n\t\t\t\tParaguay necesita acelerar producci\u00f3n y calidad cient\u00edfica: nuevo presidente del CONACYT\n\t\t\t\t<\/dd><\/dl><dl class='gallery-item'>\n\t\t\t<dt class='gallery-icon landscape'>\n\t\t\t\t<a href=\"https:\/\/www.youtube.com\/watch?v=frtNEb2ZIoU\" class=\"no-lightbox\"><img loading=\"lazy\" decoding=\"async\" width=\"150\" height=\"150\" src=\"http:\/\/cvbaran.cba.com.py\/wp-content\/uploads\/2023\/11\/Captura-de-pantalla-2023-11-21-085710-150x150.png\" class=\"attachment-thumbnail size-thumbnail\" alt=\"La ciencia en Paraguay y el CONACYT - Conversaci\u00f3n con el Dr. Benjam\u00edn Bar\u00e1n ministro-presidente del CONACYT\" aria-describedby=\"gallery-2-759\" \/><\/a>\n\t\t\t<\/dt>\n\t\t\t\t<dd class='wp-caption-text gallery-caption' id='gallery-2-759'>\n\t\t\t\tLa ciencia en Paraguay y el CONACYT &#8211; Conversaci\u00f3n con el Dr. Benjam\u00edn Bar\u00e1n ministro-presidente del CONACYT\n\t\t\t\t<\/dd><\/dl><dl class='gallery-item'>\n\t\t\t<dt class='gallery-icon landscape'>\n\t\t\t\t<a href=\"https:\/\/www.conacyt.gov.py\/benjamin-baran-presidente-conacyt-fue-distinguido-grado-doctor-honoris-causa\" class=\"no-lightbox\"><img loading=\"lazy\" decoding=\"async\" width=\"150\" height=\"150\" src=\"http:\/\/cvbaran.cba.com.py\/wp-content\/uploads\/2023\/11\/03bf7573-2c12-4f85-abad-6a466487c064-150x150.jpg\" class=\"attachment-thumbnail size-thumbnail\" alt=\"Benjam\u00edn Bar\u00e1n, Presidente del CONACYT, fue distinguido con el grado de Doctor Honoris Causa\" aria-describedby=\"gallery-2-757\" \/><\/a>\n\t\t\t<\/dt>\n\t\t\t\t<dd class='wp-caption-text gallery-caption' id='gallery-2-757'>\n\t\t\t\tBenjam\u00edn Bar\u00e1n, Presidente del CONACYT, fue distinguido con el grado de Doctor Honoris Causa\n\t\t\t\t<\/dd><\/dl><dl class='gallery-item'>\n\t\t\t<dt class='gallery-icon landscape'>\n\t\t\t\t<a href=\"https:\/\/www.youtube.com\/watch?v=T-obkC1O0N8\" class=\"no-lightbox\"><img loading=\"lazy\" decoding=\"async\" width=\"150\" height=\"150\" src=\"http:\/\/cvbaran.cba.com.py\/wp-content\/uploads\/2023\/11\/doctor-honoris-causa-2023-benjamin-baran-150x150.jpg\" class=\"attachment-thumbnail size-thumbnail\" alt=\"Ceremonia de Investidura con el grado de DOCTOR HONORIS CAUSA, otorgado al DR. BENJAM\u00cdN BAR\u00c1N en la UNAE.\" aria-describedby=\"gallery-2-755\" \/><\/a>\n\t\t\t<\/dt>\n\t\t\t\t<dd class='wp-caption-text gallery-caption' id='gallery-2-755'>\n\t\t\t\tCeremonia de Investidura con el grado de DOCTOR HONORIS CAUSA, otorgado al DR. BENJAM\u00cdN BAR\u00c1N en la UNAE.\n\t\t\t\t<\/dd><\/dl><br style=\"clear: both\" \/><dl class='gallery-item'>\n\t\t\t<dt class='gallery-icon landscape'>\n\t\t\t\t<a href=\"https:\/\/www.linkedin.com\/posts\/5diaspy_%3F%3F%3F%3F%3F%3F%3F%3F%3F%3F%3F%3F%3F%3F-este-activity-7131312437055647744-F0ND\/?utm_source=share&utm_medium=member_android\" target=\"_blank\" class=\"set-target no-lightbox\"><img loading=\"lazy\" decoding=\"async\" width=\"150\" height=\"150\" src=\"http:\/\/cvbaran.cba.com.py\/wp-content\/uploads\/2023\/11\/1700237378076-150x150.jpeg\" class=\"attachment-thumbnail size-thumbnail\" alt=\"En el Auditorio Central del Campus Urbano de la Universidad Aut\u00f3noma de Encarnaci\u00f3n se otorgar\u00e1 el grado y reconocimiento de Doctor Honoris Causa a Benjam\u00edn Bar\u00e1n, por su invaluable contribuci\u00f3n al desarrollo de la ciencia computacional y a la formaci\u00f3n de investigadores.\" aria-describedby=\"gallery-2-754\" srcset=\"http:\/\/cvbaran.cba.com.py\/wp-content\/uploads\/2023\/11\/1700237378076-150x150.jpeg 150w, http:\/\/cvbaran.cba.com.py\/wp-content\/uploads\/2023\/11\/1700237378076-300x300.jpeg 300w, http:\/\/cvbaran.cba.com.py\/wp-content\/uploads\/2023\/11\/1700237378076-768x767.jpeg 768w, http:\/\/cvbaran.cba.com.py\/wp-content\/uploads\/2023\/11\/1700237378076.jpeg 800w\" sizes=\"auto, (max-width: 150px) 100vw, 150px\" \/><\/a>\n\t\t\t<\/dt>\n\t\t\t\t<dd class='wp-caption-text gallery-caption' id='gallery-2-754'>\n\t\t\t\tLa UNAE otorgar\u00e1 el grado y reconocimiento de Doctor Honoris Causa a Benjam\u00edn Bar\u00e1n, por su contribuci\u00f3n al desarrollo de la ciencia y a la formaci\u00f3n de investigadores.\n\t\t\t\t<\/dd><\/dl><dl class='gallery-item'>\n\t\t\t<dt class='gallery-icon landscape'>\n\t\t\t\t<a href=\"https:\/\/www.lanacion.com.py\/pais_edicion_impresa\/2023\/11\/19\/investigadores-celebran-el-conocimiento-y-la-innovacion\/\" target=\"_self\" class=\"no-lightbox\"><img loading=\"lazy\" decoding=\"async\" width=\"150\" height=\"150\" src=\"http:\/\/cvbaran.cba.com.py\/wp-content\/uploads\/2023\/11\/Investigadores-celebran-el-conocimiento-y-la-innovacion-150x150.png\" class=\"attachment-thumbnail size-thumbnail\" alt=\"Investigadores celebran el conocimiento y la innovaci\u00f3n.\" aria-describedby=\"gallery-2-752\" \/><\/a>\n\t\t\t<\/dt>\n\t\t\t\t<dd class='wp-caption-text gallery-caption' id='gallery-2-752'>\n\t\t\t\tInvestigadores celebran el conocimiento y la innovaci\u00f3n.\n\t\t\t\t<\/dd><\/dl><dl class='gallery-item'>\n\t\t\t<dt class='gallery-icon landscape'>\n\t\t\t\t<a href=\"https:\/\/www.lanacion.com.py\/pais_edicion_impresa\/2023\/11\/19\/impulsan-espacios-interactivos-de-la-ciencia\/\" target=\"_blank\" class=\"set-target no-lightbox\"><img loading=\"lazy\" decoding=\"async\" width=\"150\" height=\"150\" src=\"http:\/\/cvbaran.cba.com.py\/wp-content\/uploads\/2023\/11\/Impulsan-espacios-interactivos-de-la-ciencia-150x150.png\" class=\"attachment-thumbnail size-thumbnail\" alt=\"Impulsan espacios interactivos de la ciencia\" aria-describedby=\"gallery-2-751\" \/><\/a>\n\t\t\t<\/dt>\n\t\t\t\t<dd class='wp-caption-text gallery-caption' id='gallery-2-751'>\n\t\t\t\tImpulsan espacios interactivos de la ciencia\n\n\t\t\t\t<\/dd><\/dl><dl class='gallery-item'>\n\t\t\t<dt class='gallery-icon landscape'>\n\t\t\t\t<a href=\"https:\/\/www.ultimahora.com\/benjamin-baran-cegla-reemplaza-a-eduardo-felippo-en-el-conacyt\" class=\"no-lightbox\"><img loading=\"lazy\" decoding=\"async\" width=\"150\" height=\"150\" src=\"http:\/\/cvbaran.cba.com.py\/wp-content\/uploads\/2023\/11\/consejo-nacional-foto-150x150.jpg\" class=\"attachment-thumbnail size-thumbnail\" alt=\"Conacyt vuelve a estar en manos de un cient\u00edfico, Benjam\u00edn Bar\u00e1n Cegla es el nuevo titular\" aria-describedby=\"gallery-2-737\" \/><\/a>\n\t\t\t<\/dt>\n\t\t\t\t<dd class='wp-caption-text gallery-caption' id='gallery-2-737'>\n\t\t\t\tConacyt vuelve a estar en manos de un cient\u00edfico, Benjam\u00edn Bar\u00e1n Cegla es el nuevo titular\n\t\t\t\t<\/dd><\/dl><br style=\"clear: both\" \/><dl class='gallery-item'>\n\t\t\t<dt class='gallery-icon portrait'>\n\t\t\t\t<a href=\"https:\/\/www.lanacion.com.py\/gran-diario-domingo\/2023\/11\/12\/el-pais-puede-dar-un-paso-al-frente-aunando-ciencia-industria-y-produccion\/\" class=\"no-lightbox\"><img loading=\"lazy\" decoding=\"async\" width=\"150\" height=\"150\" src=\"http:\/\/cvbaran.cba.com.py\/wp-content\/uploads\/2023\/11\/la-nacion-baran-conacyt-150x150.jpg\" class=\"attachment-thumbnail size-thumbnail\" alt=\"\u201cEl pa\u00eds puede dar un paso al frente aunando ciencia, industria y producci\u00f3n\u201d\" aria-describedby=\"gallery-2-736\" \/><\/a>\n\t\t\t<\/dt>\n\t\t\t\t<dd class='wp-caption-text gallery-caption' id='gallery-2-736'>\n\t\t\t\t\u201cEl pa\u00eds puede dar un paso al frente aunando ciencia, industria y producci\u00f3n\u201d\n\t\t\t\t<\/dd><\/dl><dl class='gallery-item'>\n\t\t\t<dt class='gallery-icon landscape'>\n\t\t\t\t<a href=\"https:\/\/www.facebook.com\/100064899425998\/posts\/pfbid02sAijGpKrDZZQonrKFi4rcjEjYqKm6LJXb8kQV8cTGwKroCpmtGHCq9yDBTxnCzEil\/?mibextid=Nif5oz\" class=\"no-lightbox\"><img loading=\"lazy\" decoding=\"async\" width=\"150\" height=\"150\" src=\"http:\/\/cvbaran.cba.com.py\/wp-content\/uploads\/2023\/11\/encuentro-de-investigadores-150x150.jpg\" class=\"attachment-thumbnail size-thumbnail\" alt=\"El Dr. Benjamin Bar\u00e1n, Presidente del CONACYT presente en el VIII Encuentro de Investigadores correspondiente al \u00e1rea de Ciencias F\u00edsico-Matem\u00e1ticas e Ingenier\u00edas.\" aria-describedby=\"gallery-2-735\" srcset=\"http:\/\/cvbaran.cba.com.py\/wp-content\/uploads\/2023\/11\/encuentro-de-investigadores-150x150.jpg 150w, http:\/\/cvbaran.cba.com.py\/wp-content\/uploads\/2023\/11\/encuentro-de-investigadores-300x300.jpg 300w, http:\/\/cvbaran.cba.com.py\/wp-content\/uploads\/2023\/11\/encuentro-de-investigadores-1024x1024.jpg 1024w, http:\/\/cvbaran.cba.com.py\/wp-content\/uploads\/2023\/11\/encuentro-de-investigadores-768x768.jpg 768w, http:\/\/cvbaran.cba.com.py\/wp-content\/uploads\/2023\/11\/encuentro-de-investigadores.jpg 1080w\" sizes=\"auto, (max-width: 150px) 100vw, 150px\" \/><\/a>\n\t\t\t<\/dt>\n\t\t\t\t<dd class='wp-caption-text gallery-caption' id='gallery-2-735'>\n\t\t\t\tEl Dr. Benjamin Bar\u00e1n, Presidente del CONACYT presente en el VIII Encuentro de Investigadores correspondiente al \u00e1rea de Ciencias F\u00edsico-Matem\u00e1ticas e Ingenier\u00edas.\n\t\t\t\t<\/dd><\/dl><dl class='gallery-item'>\n\t\t\t<dt class='gallery-icon landscape'>\n\t\t\t\t<a href=\"https:\/\/www.instagram.com\/p\/CzcFme0voDX\/?igshid=YjVjNjZkNmFjNg%3D%3D&img_index=1\" class=\"no-lightbox\"><img loading=\"lazy\" decoding=\"async\" width=\"150\" height=\"150\" src=\"http:\/\/cvbaran.cba.com.py\/wp-content\/uploads\/2023\/11\/conacyt-miembros-150x150.png\" class=\"attachment-thumbnail size-thumbnail\" alt=\"El D.Sc. Benjam\u00edn Bar\u00e1n, Ministro Presidente del CONACYT y los miembros del Consejo se reunieron con el Sr. Santiago Pe\u00f1a, Presidente de la Rep\u00fablica del Paraguay.\" aria-describedby=\"gallery-2-733\" \/><\/a>\n\t\t\t<\/dt>\n\t\t\t\t<dd class='wp-caption-text gallery-caption' id='gallery-2-733'>\n\t\t\t\tEl D.Sc. Benjam\u00edn Bar\u00e1n, Ministro Presidente del CONACYT y los miembros del Consejo se reunieron con el Sr. Santiago Pe\u00f1a, Presidente de la Rep\u00fablica del Paraguay. \n\t\t\t\t<\/dd><\/dl><dl class='gallery-item'>\n\t\t\t<dt class='gallery-icon landscape'>\n\t\t\t\t<a href='http:\/\/cvbaran.cba.com.py\/?attachment_id=729'><img loading=\"lazy\" decoding=\"async\" width=\"150\" height=\"150\" src=\"http:\/\/cvbaran.cba.com.py\/wp-content\/uploads\/2023\/11\/Benjamin_Conacyt-150x150.png\" class=\"attachment-thumbnail size-thumbnail\" alt=\"Benjam\u00edn Bar\u00e1n nuevo presidente del Conacyt - vuelve a manos de un cient\u00edfico\" aria-describedby=\"gallery-2-729\" \/><\/a>\n\t\t\t<\/dt>\n\t\t\t\t<dd class='wp-caption-text gallery-caption' id='gallery-2-729'>\n\t\t\t\tBenjam\u00edn Bar\u00e1n nuevo presidente del Conacyt\n\t\t\t\t<\/dd><\/dl><br style=\"clear: both\" \/><dl class='gallery-item'>\n\t\t\t<dt class='gallery-icon landscape'>\n\t\t\t\t<a href=\"http:\/\/www.cba.com.py\/wp-content\/uploads\/2023\/11\/DECRETO-636.pdf\" class=\"no-lightbox\"><img loading=\"lazy\" decoding=\"async\" width=\"150\" height=\"150\" src=\"http:\/\/cvbaran.cba.com.py\/wp-content\/uploads\/2023\/11\/decreto_screen-150x150.png\" class=\"attachment-thumbnail size-thumbnail\" alt=\"Decreto N\u00b0 636 - Benjam\u00edn Bar\u00e1n es designado nuevo titular del Consejo Nacional de Ciencia y Tecnolog\u00eda (Conacyt)\" aria-describedby=\"gallery-2-727\" \/><\/a>\n\t\t\t<\/dt>\n\t\t\t\t<dd class='wp-caption-text gallery-caption' id='gallery-2-727'>\n\t\t\t\tDecreto N\u00b0 636 &#8211; Benjam\u00edn Bar\u00e1n es designado nuevo titular del Consejo Nacional de Ciencia y Tecnolog\u00eda (Conacyt)\n\t\t\t\t<\/dd><\/dl><dl class='gallery-item'>\n\t\t\t<dt class='gallery-icon landscape'>\n\t\t\t\t<a href=\"https:\/\/www.abc.com.py\/edicion-impresa\/locales\/lanzaron-la-competencia-paraguay-open-robotics-1808110.html\" class=\"no-lightbox\"><img loading=\"lazy\" decoding=\"async\" width=\"150\" height=\"150\" src=\"http:\/\/cvbaran.cba.com.py\/wp-content\/uploads\/2023\/10\/POST-BENJAMIN-7-150x150.png\" class=\"attachment-thumbnail size-thumbnail\" alt=\"\" aria-describedby=\"gallery-2-723\" srcset=\"http:\/\/cvbaran.cba.com.py\/wp-content\/uploads\/2023\/10\/POST-BENJAMIN-7-150x150.png 150w, http:\/\/cvbaran.cba.com.py\/wp-content\/uploads\/2023\/10\/POST-BENJAMIN-7-300x300.png 300w, http:\/\/cvbaran.cba.com.py\/wp-content\/uploads\/2023\/10\/POST-BENJAMIN-7-1024x1024.png 1024w, http:\/\/cvbaran.cba.com.py\/wp-content\/uploads\/2023\/10\/POST-BENJAMIN-7-768x768.png 768w, http:\/\/cvbaran.cba.com.py\/wp-content\/uploads\/2023\/10\/POST-BENJAMIN-7.png 1080w\" sizes=\"auto, (max-width: 150px) 100vw, 150px\" \/><\/a>\n\t\t\t<\/dt>\n\t\t\t\t<dd class='wp-caption-text gallery-caption' id='gallery-2-723'>\n\t\t\t\tEl Dr. Benjam\u00edn Bar\u00e1n en el Open Robotics 2023\n\t\t\t\t<\/dd><\/dl><dl class='gallery-item'>\n\t\t\t<dt class='gallery-icon landscape'>\n\t\t\t\t<a href=\"https:\/\/www.universidadcatolica.edu.py\/innotec-2023-transformado-el-futuro-reune-a-mas-de-600-jovenes\/\" class=\"no-lightbox\"><img loading=\"lazy\" decoding=\"async\" width=\"150\" height=\"150\" src=\"http:\/\/cvbaran.cba.com.py\/wp-content\/uploads\/2023\/10\/POST-BENJAMIN-2-1-150x150.png\" class=\"attachment-thumbnail size-thumbnail\" alt=\"\" aria-describedby=\"gallery-2-722\" srcset=\"http:\/\/cvbaran.cba.com.py\/wp-content\/uploads\/2023\/10\/POST-BENJAMIN-2-1-150x150.png 150w, http:\/\/cvbaran.cba.com.py\/wp-content\/uploads\/2023\/10\/POST-BENJAMIN-2-1-300x300.png 300w, http:\/\/cvbaran.cba.com.py\/wp-content\/uploads\/2023\/10\/POST-BENJAMIN-2-1-1024x1024.png 1024w, http:\/\/cvbaran.cba.com.py\/wp-content\/uploads\/2023\/10\/POST-BENJAMIN-2-1-768x768.png 768w, http:\/\/cvbaran.cba.com.py\/wp-content\/uploads\/2023\/10\/POST-BENJAMIN-2-1.png 1080w\" sizes=\"auto, (max-width: 150px) 100vw, 150px\" \/><\/a>\n\t\t\t<\/dt>\n\t\t\t\t<dd class='wp-caption-text gallery-caption' id='gallery-2-722'>\n\t\t\t\tDisertaci\u00f3n de \u00abExperiencias en Smart Cities\u00bb por parte del Dsc. Benjam\u00edn Bar\u00e1n en INNOTEC 2023\n\t\t\t\t<\/dd><\/dl><dl class='gallery-item'>\n\t\t\t<dt class='gallery-icon landscape'>\n\t\t\t\t<a href=\"https:\/\/www.universidadcatolica.edu.py\/innotec-2023-transformado-el-futuro-reune-a-mas-de-600-jovenes\/\" class=\"no-lightbox\"><img loading=\"lazy\" decoding=\"async\" width=\"150\" height=\"150\" src=\"http:\/\/cvbaran.cba.com.py\/wp-content\/uploads\/2023\/10\/inotec-150x150.png\" class=\"attachment-thumbnail size-thumbnail\" alt=\"Tercera edici\u00f3n del Congreso INNOTEC 2023 \u00abTransformando el futuro\u00bb\" aria-describedby=\"gallery-2-719\" srcset=\"http:\/\/cvbaran.cba.com.py\/wp-content\/uploads\/2023\/10\/inotec-150x150.png 150w, http:\/\/cvbaran.cba.com.py\/wp-content\/uploads\/2023\/10\/inotec-300x300.png 300w, http:\/\/cvbaran.cba.com.py\/wp-content\/uploads\/2023\/10\/inotec-1024x1024.png 1024w, http:\/\/cvbaran.cba.com.py\/wp-content\/uploads\/2023\/10\/inotec-768x768.png 768w, http:\/\/cvbaran.cba.com.py\/wp-content\/uploads\/2023\/10\/inotec.png 1080w\" sizes=\"auto, (max-width: 150px) 100vw, 150px\" \/><\/a>\n\t\t\t<\/dt>\n\t\t\t\t<dd class='wp-caption-text gallery-caption' id='gallery-2-719'>\n\t\t\t\tTercera edici\u00f3n del Congreso INNOTEC 2023 \u00abTransformando el futuro\u00bb\n\t\t\t\t<\/dd><\/dl><br style=\"clear: both\" \/><dl class='gallery-item'>\n\t\t\t<dt class='gallery-icon landscape'>\n\t\t\t\t<a href=\"https:\/\/cienciasdelsur.com\/2023\/06\/30\/paraguay-no-puede-lujo-no-hacer-ciencias\/\" class=\"no-lightbox\"><img loading=\"lazy\" decoding=\"async\" width=\"150\" height=\"150\" src=\"http:\/\/cvbaran.cba.com.py\/wp-content\/uploads\/2023\/07\/ciencia-del-sur-150x150.png\" class=\"attachment-thumbnail size-thumbnail\" alt=\"Festival Internacional de la Ciencia del Paraguay\" aria-describedby=\"gallery-2-715\" \/><\/a>\n\t\t\t<\/dt>\n\t\t\t\t<dd class='wp-caption-text gallery-caption' id='gallery-2-715'>\n\t\t\t\t<b>Festival Internacional de la Ciencia del Paraguay\n\t\t\t\t<\/dd><\/dl><dl class='gallery-item'>\n\t\t\t<dt class='gallery-icon landscape'>\n\t\t\t\t<a href=\"https:\/\/youtu.be\/g1KXvPXvSMM\" class=\"no-lightbox\"><img loading=\"lazy\" decoding=\"async\" width=\"150\" height=\"150\" src=\"http:\/\/cvbaran.cba.com.py\/wp-content\/uploads\/2023\/07\/WhatsApp-Image-2023-07-06-at-11.31.42-150x150.jpeg\" class=\"attachment-thumbnail size-thumbnail\" alt=\"#conversandolanoche con BENJAMIN BARAN, doctor en CIENCIAS\" aria-describedby=\"gallery-2-711\" srcset=\"http:\/\/cvbaran.cba.com.py\/wp-content\/uploads\/2023\/07\/WhatsApp-Image-2023-07-06-at-11.31.42-150x150.jpeg 150w, http:\/\/cvbaran.cba.com.py\/wp-content\/uploads\/2023\/07\/WhatsApp-Image-2023-07-06-at-11.31.42-300x300.jpeg 300w, http:\/\/cvbaran.cba.com.py\/wp-content\/uploads\/2023\/07\/WhatsApp-Image-2023-07-06-at-11.31.42-1024x1024.jpeg 1024w, http:\/\/cvbaran.cba.com.py\/wp-content\/uploads\/2023\/07\/WhatsApp-Image-2023-07-06-at-11.31.42-768x768.jpeg 768w, http:\/\/cvbaran.cba.com.py\/wp-content\/uploads\/2023\/07\/WhatsApp-Image-2023-07-06-at-11.31.42-1536x1536.jpeg 1536w, http:\/\/cvbaran.cba.com.py\/wp-content\/uploads\/2023\/07\/WhatsApp-Image-2023-07-06-at-11.31.42.jpeg 1600w\" sizes=\"auto, (max-width: 150px) 100vw, 150px\" \/><\/a>\n\t\t\t<\/dt>\n\t\t\t\t<dd class='wp-caption-text gallery-caption' id='gallery-2-711'>\n\t\t\t\t<b>#conversandolanoche con BENJAMIN BARAN, doctor en CIENCIAS\n\t\t\t\t<\/dd><\/dl><dl class='gallery-item'>\n\t\t\t<dt class='gallery-icon landscape'>\n\t\t\t\t<a href=\"https:\/\/www.youtube.com\/watch?v=0VCmClLq1_E&t=3443s\" class=\"no-lightbox\"><img loading=\"lazy\" decoding=\"async\" width=\"150\" height=\"150\" src=\"http:\/\/cvbaran.cba.com.py\/wp-content\/uploads\/2023\/06\/nnt3-150x150.png\" class=\"attachment-thumbnail size-thumbnail\" alt=\"Entrevista al D.sc. Benjamin Baran en el programa En Contexto\" aria-describedby=\"gallery-2-707\" \/><\/a>\n\t\t\t<\/dt>\n\t\t\t\t<dd class='wp-caption-text gallery-caption' id='gallery-2-707'>\n\t\t\t\t<b>Entrevista al D.sc. Benjamin Baran en el programa En Contexto\n\t\t\t\t<\/dd><\/dl><dl class='gallery-item'>\n\t\t\t<dt class='gallery-icon landscape'>\n\t\t\t\t<a href=\"https:\/\/cienciasdelsur.com\/2023\/06\/17\/cada-vez-hay-mas-cientificos-paraguayos-trabajando-en-inteligencia-artificial\/\" class=\"no-lightbox\"><img loading=\"lazy\" decoding=\"async\" width=\"150\" height=\"150\" src=\"http:\/\/cvbaran.cba.com.py\/wp-content\/uploads\/2023\/06\/Benjamin-Baran-en-el-Festival-de-la-Ciencia-696x696-1-150x150.jpg\" class=\"attachment-thumbnail size-thumbnail\" alt=\"\" aria-describedby=\"gallery-2-703\" srcset=\"http:\/\/cvbaran.cba.com.py\/wp-content\/uploads\/2023\/06\/Benjamin-Baran-en-el-Festival-de-la-Ciencia-696x696-1-150x150.jpg 150w, http:\/\/cvbaran.cba.com.py\/wp-content\/uploads\/2023\/06\/Benjamin-Baran-en-el-Festival-de-la-Ciencia-696x696-1-300x300.jpg 300w, http:\/\/cvbaran.cba.com.py\/wp-content\/uploads\/2023\/06\/Benjamin-Baran-en-el-Festival-de-la-Ciencia-696x696-1.jpg 696w\" sizes=\"auto, (max-width: 150px) 100vw, 150px\" \/><\/a>\n\t\t\t<\/dt>\n\t\t\t\t<dd class='wp-caption-text gallery-caption' id='gallery-2-703'>\n\t\t\t\t<b>Benjam\u00edn Bar\u00e1n es el investigador nacional destacado del II Festival Internacional de la Ciencia del Paraguay, que organiza Ciencia del Sur y que arranca el 27 de junio.\n\t\t\t\t<\/dd><\/dl><br style=\"clear: both\" \/><dl class='gallery-item'>\n\t\t\t<dt class='gallery-icon landscape'>\n\t\t\t\t<a href=\"https:\/\/www.ultimahora.com\/inteligencia-artificial-paraguay-supone-un-peligro-o-una-oportunidad-n3065716.html\" class=\"no-lightbox\"><img loading=\"lazy\" decoding=\"async\" width=\"150\" height=\"150\" src=\"http:\/\/cvbaran.cba.com.py\/wp-content\/uploads\/2023\/06\/ai-paraguaypng-150x150.webp\" class=\"attachment-thumbnail size-thumbnail\" alt=\"\" aria-describedby=\"gallery-2-699\" \/><\/a>\n\t\t\t<\/dt>\n\t\t\t\t<dd class='wp-caption-text gallery-caption' id='gallery-2-699'>\n\t\t\t\t<b>Inteligencia artificial en Paraguay:\n\nEl doctor en Ciencias Benjam\u00edn Bar\u00e1n, habl\u00f3 sobre los alcances de este tipo de herramienta en el pa\u00eds, adem\u00e1s de alertar c\u00f3mo podr\u00eda afectar en el futuro.\n\t\t\t\t<\/dd><\/dl><dl class='gallery-item'>\n\t\t\t<dt class='gallery-icon portrait'>\n\t\t\t\t<a href=\"https:\/\/www.lanacion.com.py\/gran-diario-domingo\/2023\/05\/07\/inteligencia-artificial-habra-que-parar-las-maquinas-antes-de-que-sea-tarde\/\" class=\"no-lightbox\"><img loading=\"lazy\" decoding=\"async\" width=\"150\" height=\"150\" src=\"http:\/\/cvbaran.cba.com.py\/wp-content\/uploads\/2023\/05\/dr-Benjamin-Baran--150x150.png\" class=\"attachment-thumbnail size-thumbnail\" alt=\"\" aria-describedby=\"gallery-2-695\" \/><\/a>\n\t\t\t<\/dt>\n\t\t\t\t<dd class='wp-caption-text gallery-caption' id='gallery-2-695'>\n\t\t\t\t<b>Prepar\u00e9monos para aprove\u00adchar las ventajas que nos trae la era del conocimiento, pro\u00adpone Benjam\u00edn Bar\u00e1n, el m\u00e1s destacado cient\u00edfico para\u00adguayo en inteligencia artifi\u00adcial (IA).\n\t\t\t\t<\/dd><\/dl><dl class='gallery-item'>\n\t\t\t<dt class='gallery-icon landscape'>\n\t\t\t\t<a href=\"https:\/\/www.elnacional.com.py\/nacionales\/2023\/04\/23\/benjamin-baran-la-inteligencia-artificial-ha-estado-presente-desde-hace-15-anos-en-paraguay\/\" class=\"no-lightbox\"><img loading=\"lazy\" decoding=\"async\" width=\"150\" height=\"150\" src=\"http:\/\/cvbaran.cba.com.py\/wp-content\/uploads\/2023\/04\/79ac8a14-8b62-4847-aed5-8b665edcd9f6-150x150.jpeg\" class=\"attachment-thumbnail size-thumbnail\" alt=\"\" aria-describedby=\"gallery-2-692\" \/><\/a>\n\t\t\t<\/dt>\n\t\t\t\t<dd class='wp-caption-text gallery-caption' id='gallery-2-692'>\n\t\t\t\t<b> Benjam\u00edn Bar\u00e1n: la inteligencia artificial en Paraguay \n\t\t\t\t<\/dd><\/dl><dl class='gallery-item'>\n\t\t\t<dt class='gallery-icon landscape'>\n\t\t\t\t<a href=\"https:\/\/cienciasdelsur.com\/2023\/04\/05\/curso-de-inteligencia-artificial-paraguay\/\" class=\"no-lightbox\"><img loading=\"lazy\" decoding=\"async\" width=\"150\" height=\"150\" src=\"http:\/\/cvbaran.cba.com.py\/wp-content\/uploads\/2023\/04\/Curso-de-Inteligencia-Artificial-1-696x696-1-150x150.jpg\" class=\"attachment-thumbnail size-thumbnail\" alt=\"\" aria-describedby=\"gallery-2-674\" srcset=\"http:\/\/cvbaran.cba.com.py\/wp-content\/uploads\/2023\/04\/Curso-de-Inteligencia-Artificial-1-696x696-1-150x150.jpg 150w, http:\/\/cvbaran.cba.com.py\/wp-content\/uploads\/2023\/04\/Curso-de-Inteligencia-Artificial-1-696x696-1-300x300.jpg 300w, http:\/\/cvbaran.cba.com.py\/wp-content\/uploads\/2023\/04\/Curso-de-Inteligencia-Artificial-1-696x696-1.jpg 696w\" sizes=\"auto, (max-width: 150px) 100vw, 150px\" \/><\/a>\n\t\t\t<\/dt>\n\t\t\t\t<dd class='wp-caption-text gallery-caption' id='gallery-2-674'>\n\t\t\t\t<b>El curso de IA ser\u00e1 una introducci\u00f3n te\u00f3rica y pr\u00e1ctica para conocer las herramientas tecnol\u00f3gicas disponibles en la actualidad.\n\t\t\t\t<\/dd><\/dl><br style=\"clear: both\" \/><dl class='gallery-item'>\n\t\t\t<dt class='gallery-icon landscape'>\n\t\t\t\t<a href=\"https:\/\/monumental.com.py\/va-con-onda\/21\/02\/2023\/invitan-a-taller-de-introduccion-a-la-inteligencia-artificial\/\" class=\"no-lightbox\"><img loading=\"lazy\" decoding=\"async\" width=\"150\" height=\"150\" src=\"http:\/\/cvbaran.cba.com.py\/wp-content\/uploads\/2023\/02\/AI-Talk-150x150.png\" class=\"attachment-thumbnail size-thumbnail\" alt=\"\" aria-describedby=\"gallery-2-669\" \/><\/a>\n\t\t\t<\/dt>\n\t\t\t\t<dd class='wp-caption-text gallery-caption' id='gallery-2-669'>\n\t\t\t\t<b> Invitan a taller de introducci\u00f3n a la inteligencia artificial\n\t\t\t\t<\/dd><\/dl><dl class='gallery-item'>\n\t\t\t<dt class='gallery-icon landscape'>\n\t\t\t\t<a href=\"https:\/\/www.dinapi.gov.py\/portal\/v3\/noticias\/detalle-noticia?idNoticia=283\" class=\"no-lightbox\"><img loading=\"lazy\" decoding=\"async\" width=\"150\" height=\"150\" src=\"http:\/\/cvbaran.cba.com.py\/wp-content\/uploads\/2023\/01\/galeria_dr-150x150.png\" class=\"attachment-thumbnail size-thumbnail\" alt=\"\" aria-describedby=\"gallery-2-666\" \/><\/a>\n\t\t\t<\/dt>\n\t\t\t\t<dd class='wp-caption-text gallery-caption' id='gallery-2-666'>\n\t\t\t\t<b>En la llamada \u201cEra del Conocimiento\u201d la innovaci\u00f3n es un factor determinante y decisivo para el desarrollo de los pa\u00edses.\n\t\t\t\t<\/dd><\/dl>\n\t\t\t<br style='clear: both' \/>\n\t\t<\/div>\n\n<\/div>\n<\/div>\n<\/div><\/div>\n","protected":false},"excerpt":{"rendered":"","protected":false},"author":1,"featured_media":0,"parent":0,"menu_order":0,"comment_status":"closed","ping_status":"closed","template":"","meta":{"footnotes":""},"class_list":["post-957","page","type-page","status-publish","hentry"],"_links":{"self":[{"href":"http:\/\/cvbaran.cba.com.py\/index.php?rest_route=\/wp\/v2\/pages\/957","targetHints":{"allow":["GET"]}}],"collection":[{"href":"http:\/\/cvbaran.cba.com.py\/index.php?rest_route=\/wp\/v2\/pages"}],"about":[{"href":"http:\/\/cvbaran.cba.com.py\/index.php?rest_route=\/wp\/v2\/types\/page"}],"author":[{"embeddable":true,"href":"http:\/\/cvbaran.cba.com.py\/index.php?rest_route=\/wp\/v2\/users\/1"}],"replies":[{"embeddable":true,"href":"http:\/\/cvbaran.cba.com.py\/index.php?rest_route=%2Fwp%2Fv2%2Fcomments&post=957"}],"version-history":[{"count":5,"href":"http:\/\/cvbaran.cba.com.py\/index.php?rest_route=\/wp\/v2\/pages\/957\/revisions"}],"predecessor-version":[{"id":989,"href":"http:\/\/cvbaran.cba.com.py\/index.php?rest_route=\/wp\/v2\/pages\/957\/revisions\/989"}],"wp:attachment":[{"href":"http:\/\/cvbaran.cba.com.py\/index.php?rest_route=%2Fwp%2Fv2%2Fmedia&parent=957"}],"curies":[{"name":"wp","href":"https:\/\/api.w.org\/{rel}","templated":true}]}}