																																																																																																																																								{"id":961,"date":"2025-10-21T19:07:30","date_gmt":"2025-10-21T19:07:30","guid":{"rendered":"http:\/\/cvbaran.cba.com.py\/?page_id=961"},"modified":"2025-10-21T19:32:11","modified_gmt":"2025-10-21T19:32:11","slug":"noticias-2022","status":"publish","type":"page","link":"http:\/\/cvbaran.cba.com.py\/?page_id=961","title":{"rendered":"Noticias 2022"},"content":{"rendered":"\n<div class=\"wp-block-group\"><div class=\"wp-block-group__inner-container is-layout-constrained wp-block-group-is-layout-constrained\">\n<div class=\"wp-block-columns are-vertically-aligned-top is-layout-flex wp-container-core-columns-is-layout-9d6595d7 wp-block-columns-is-layout-flex\">\n<div class=\"wp-block-column is-vertically-aligned-top is-layout-flow wp-block-column-is-layout-flow\" style=\"flex-basis:100%\">\n\n\t\t<style type=\"text\/css\">\n\t\t\t#gallery-2 {\n\t\t\t\tmargin: auto;\n\t\t\t}\n\t\t\t#gallery-2 .gallery-item {\n\t\t\t\tfloat: left;\n\t\t\t\tmargin-top: 10px;\n\t\t\t\ttext-align: center;\n\t\t\t\twidth: 25%;\n\t\t\t}\n\t\t\t#gallery-2 img {\n\t\t\t\tborder: 2px solid #cfcfcf;\n\t\t\t}\n\t\t\t#gallery-2 .gallery-caption {\n\t\t\t\tmargin-left: 0;\n\t\t\t}\n\t\t\t\/* see gallery_shortcode() in wp-includes\/media.php *\/\n\t\t<\/style>\n\t\t<div id='gallery-2' class='gallery galleryid-961 gallery-columns-4 gallery-size-thumbnail'><dl class='gallery-item'>\n\t\t\t<dt class='gallery-icon landscape'>\n\t\t\t\t<a href=\"https:\/\/cienciasdelsur.com\/2022\/12\/20\/reconocen-a-cientificas-y-cientificos-del-paraguay-por-sus-aportes-al-conocimiento\/\" class=\"no-lightbox\"><img loading=\"lazy\" decoding=\"async\" width=\"150\" height=\"150\" src=\"http:\/\/cvbaran.cba.com.py\/wp-content\/uploads\/2022\/12\/DeepinScreenshot_Seleccionar-area_20221220134614-150x150.png\" class=\"attachment-thumbnail size-thumbnail\" alt=\"\" aria-describedby=\"gallery-2-662\" \/><\/a>\n\t\t\t<\/dt>\n\t\t\t\t<dd class='wp-caption-text gallery-caption' id='gallery-2-662'>\n\t\t\t\t<b> El Dr. Benjamin Bar\u00e1n fue reconocido por su trabajo y aporte al conocimiento, y habl\u00f3 de las tendencias tecnol\u00f3gicas.\n\t\t\t\t<\/dd><\/dl><dl class='gallery-item'>\n\t\t\t<dt class='gallery-icon landscape'>\n\t\t\t\t<a href=\"https:\/\/cienciasdelsur.com\/2022\/12\/13\/hablaran-futuro-tecnologico-encuentro-premio-nacional-de-ciencia-paraguay\/\" class=\"no-lightbox\"><img loading=\"lazy\" decoding=\"async\" width=\"150\" height=\"150\" src=\"http:\/\/cvbaran.cba.com.py\/wp-content\/uploads\/2022\/12\/Futuro-Tecnologico-2022-A-2-696x696-1-150x150.jpg\" class=\"attachment-thumbnail size-thumbnail\" alt=\"\" aria-describedby=\"gallery-2-659\" srcset=\"http:\/\/cvbaran.cba.com.py\/wp-content\/uploads\/2022\/12\/Futuro-Tecnologico-2022-A-2-696x696-1-150x150.jpg 150w, http:\/\/cvbaran.cba.com.py\/wp-content\/uploads\/2022\/12\/Futuro-Tecnologico-2022-A-2-696x696-1-300x300.jpg 300w, http:\/\/cvbaran.cba.com.py\/wp-content\/uploads\/2022\/12\/Futuro-Tecnologico-2022-A-2-696x696-1.jpg 696w\" sizes=\"auto, (max-width: 150px) 100vw, 150px\" \/><\/a>\n\t\t\t<\/dt>\n\t\t\t\t<dd class='wp-caption-text gallery-caption' id='gallery-2-659'>\n\t\t\t\t<b> El Futuro tecnol\u00f3gico es el tema principal de la charla magistral que ofrecer\u00e1 el Dr. Benjam\u00edn Bar\u00e1n. \n\n\t\t\t\t<\/dd><\/dl><dl class='gallery-item'>\n\t\t\t<dt class='gallery-icon portrait'>\n\t\t\t\t<a href=\"http:\/\/cvbaran.cba.com.py\/?p=649\" class=\"no-lightbox\"><img loading=\"lazy\" decoding=\"async\" width=\"150\" height=\"150\" src=\"http:\/\/cvbaran.cba.com.py\/wp-content\/uploads\/2022\/12\/WhatsApp-Image-2022-12-01-at-09.07.31-150x150.jpeg\" class=\"attachment-thumbnail size-thumbnail\" alt=\"\" aria-describedby=\"gallery-2-647\" \/><\/a>\n\t\t\t<\/dt>\n\t\t\t\t<dd class='wp-caption-text gallery-caption' id='gallery-2-647'>\n\t\t\t\t<b> 2do Informe Final y Seminario \u00abGobierno Digital Smart City\u00bb\n\t\t\t\t<\/dd><\/dl><dl class='gallery-item'>\n\t\t\t<dt class='gallery-icon portrait'>\n\t\t\t\t<a href=\"https:\/\/www.mitic.gov.py\/noticias\/el-centro-de-cooperacion-de-gobierno-digital-y-mitic-presentan-informe-final-de-ciudades-inteligentes-para-paraguay\" class=\"no-lightbox\"><img loading=\"lazy\" decoding=\"async\" width=\"150\" height=\"150\" src=\"http:\/\/cvbaran.cba.com.py\/wp-content\/uploads\/2022\/12\/WhatsApp-Image-2022-11-30-at-11.35.06-150x150.jpeg\" class=\"attachment-thumbnail size-thumbnail\" alt=\"\" aria-describedby=\"gallery-2-644\" \/><\/a>\n\t\t\t<\/dt>\n\t\t\t\t<dd class='wp-caption-text gallery-caption' id='gallery-2-644'>\n\t\t\t\t<b> 2do Informe Final y Seminario \u00abGobierno Digital Smart City\u00bb\n\t\t\t\t<\/dd><\/dl><br style=\"clear: both\" \/><dl class='gallery-item'>\n\t\t\t<dt class='gallery-icon portrait'>\n\t\t\t\t<a href=\"http:\/\/cvbaran.cba.com.py\/?page_id=509\" class=\"no-lightbox\"><img loading=\"lazy\" decoding=\"async\" width=\"150\" height=\"150\" src=\"http:\/\/cvbaran.cba.com.py\/wp-content\/uploads\/2022\/10\/libro-150x150.png\" class=\"attachment-thumbnail size-thumbnail\" alt=\"\" aria-describedby=\"gallery-2-511\" \/><\/a>\n\t\t\t<\/dt>\n\t\t\t\t<dd class='wp-caption-text gallery-caption' id='gallery-2-511'>\n\t\t\t\t<b> Ensayos en Honor al\nProf. Dr. Benjam\u00edn Bar\u00e1n\n\t\t\t\t<\/dd><\/dl><dl class='gallery-item'>\n\t\t\t<dt class='gallery-icon landscape'>\n\t\t\t\t<a href=\"https:\/\/www.ultimahora.com\/un-futuro-maravilloso-n3022841.html\" class=\"no-lightbox\"><img loading=\"lazy\" decoding=\"async\" width=\"150\" height=\"150\" src=\"http:\/\/cvbaran.cba.com.py\/wp-content\/uploads\/2016\/09\/futuro-maravilloso-150x150.png\" class=\"attachment-thumbnail size-thumbnail\" alt=\"\" aria-describedby=\"gallery-2-502\" \/><\/a>\n\t\t\t<\/dt>\n\t\t\t\t<dd class='wp-caption-text gallery-caption' id='gallery-2-502'>\n\t\t\t\t<b> Un futuro maravilloso\n\t\t\t\t<\/dd><\/dl><dl class='gallery-item'>\n\t\t\t<dt class='gallery-icon landscape'>\n\t\t\t\t<a href=\"https:\/\/www.una.py\/destacado-docente-fue-reconocido-con-titulo-de-doctor-honoris-causa-de-la-una\" class=\"no-lightbox\"><img loading=\"lazy\" decoding=\"async\" width=\"150\" height=\"150\" src=\"http:\/\/cvbaran.cba.com.py\/wp-content\/uploads\/2016\/09\/bbaran2-150x150.jpeg\" class=\"attachment-thumbnail size-thumbnail\" alt=\"\" aria-describedby=\"gallery-2-493\" \/><\/a>\n\t\t\t<\/dt>\n\t\t\t\t<dd class='wp-caption-text gallery-caption' id='gallery-2-493'>\n\t\t\t\t<b> Destacado docente fue reconocido con t\u00edtulo de Doctor \u201cHonoris Causa\u201d de la UNA <b>\n\t\t\t\t<\/dd><\/dl><dl class='gallery-item'>\n\t\t\t<dt class='gallery-icon landscape'>\n\t\t\t\t<a href=\"https:\/\/www.pol.una.py\/2022\/prof-dr-benjamin-baran-recibio-titulo-de-doctor-honoris-causa-de-la-una\/\" class=\"no-lightbox\"><img loading=\"lazy\" decoding=\"async\" width=\"150\" height=\"150\" src=\"http:\/\/cvbaran.cba.com.py\/wp-content\/uploads\/2016\/09\/honoris-150x150.jpg\" class=\"attachment-thumbnail size-thumbnail\" alt=\"\" aria-describedby=\"gallery-2-491\" \/><\/a>\n\t\t\t<\/dt>\n\t\t\t\t<dd class='wp-caption-text gallery-caption' id='gallery-2-491'>\n\t\t\t\t<b>Prof. Dr. Benjam\u00edn Bar\u00e1n recibi\u00f3 T\u00edtulo de Doctor Honoris Causa de la UNA<b>\n\t\t\t\t<\/dd><\/dl><br style=\"clear: both\" \/><dl class='gallery-item'>\n\t\t\t<dt class='gallery-icon portrait'>\n\t\t\t\t<a href=\"https:\/\/www.pol.una.py\/2022\/distinguiran-al-dr-benjamin-baran-con-el-doctorado-honoris-causa\/\" class=\"no-lightbox\"><img loading=\"lazy\" decoding=\"async\" width=\"150\" height=\"150\" src=\"http:\/\/cvbaran.cba.com.py\/wp-content\/uploads\/2016\/09\/drbaran-150x150.jpg\" class=\"attachment-thumbnail size-thumbnail\" alt=\"\" aria-describedby=\"gallery-2-488\" srcset=\"http:\/\/cvbaran.cba.com.py\/wp-content\/uploads\/2016\/09\/drbaran-150x150.jpg 150w, http:\/\/cvbaran.cba.com.py\/wp-content\/uploads\/2016\/09\/drbaran-298x300.jpg 298w, http:\/\/cvbaran.cba.com.py\/wp-content\/uploads\/2016\/09\/drbaran.jpg 324w\" sizes=\"auto, (max-width: 150px) 100vw, 150px\" \/><\/a>\n\t\t\t<\/dt>\n\t\t\t\t<dd class='wp-caption-text gallery-caption' id='gallery-2-488'>\n\t\t\t\t<b>Distinguir\u00e1n al Dr. Benjam\u00edn Bar\u00e1n con el doctorado honoris causa<b>\n\t\t\t\t<\/dd><\/dl><dl class='gallery-item'>\n\t\t\t<dt class='gallery-icon landscape'>\n\t\t\t\t<a href=\"https:\/\/cel.edu.py\/v2\/2022-paraguay-open-robotics\" class=\"no-lightbox\"><img loading=\"lazy\" decoding=\"async\" width=\"150\" height=\"150\" src=\"http:\/\/cvbaran.cba.com.py\/wp-content\/uploads\/2016\/09\/robotica-150x150.jpeg\" class=\"attachment-thumbnail size-thumbnail\" alt=\"\" aria-describedby=\"gallery-2-485\" srcset=\"http:\/\/cvbaran.cba.com.py\/wp-content\/uploads\/2016\/09\/robotica-150x150.jpeg 150w, http:\/\/cvbaran.cba.com.py\/wp-content\/uploads\/2016\/09\/robotica-300x300.jpeg 300w, http:\/\/cvbaran.cba.com.py\/wp-content\/uploads\/2016\/09\/robotica-768x768.jpeg 768w, http:\/\/cvbaran.cba.com.py\/wp-content\/uploads\/2016\/09\/robotica-1024x1024.jpeg 1024w, http:\/\/cvbaran.cba.com.py\/wp-content\/uploads\/2016\/09\/robotica.jpeg 1080w\" sizes=\"auto, (max-width: 150px) 100vw, 150px\" \/><\/a>\n\t\t\t<\/dt>\n\t\t\t\t<dd class='wp-caption-text gallery-caption' id='gallery-2-485'>\n\t\t\t\t<b> Premio Dr. Benjam\u00edn Bar\u00e1n &#8211; Paraguay Open Robotics 2022\n\t\t\t\t<\/dd><\/dl><dl class='gallery-item'>\n\t\t\t<dt class='gallery-icon landscape'>\n\t\t\t\t<a href=\"https:\/\/ucom.edu.py\/desayuno-maestria\/\" class=\"no-lightbox\"><img loading=\"lazy\" decoding=\"async\" width=\"150\" height=\"150\" src=\"http:\/\/cvbaran.cba.com.py\/wp-content\/uploads\/2016\/09\/ucom-150x150.jpg\" class=\"attachment-thumbnail size-thumbnail\" alt=\"\" aria-describedby=\"gallery-2-483\" \/><\/a>\n\t\t\t<\/dt>\n\t\t\t\t<dd class='wp-caption-text gallery-caption' id='gallery-2-483'>\n\t\t\t\t<b> Desayuno ejecutivo de la Maestr\u00eda en Ciencia de Datos\n\t\t\t\t<\/dd><\/dl><dl class='gallery-item'>\n\t\t\t<dt class='gallery-icon landscape'>\n\t\t\t\t<a href=\"https:\/\/www.lanacion.com.py\/negocios_edicion_impresa\/2022\/05\/17\/lanzan-la-1-maestria-en-ciencia-de-datos-del-pais\/\" class=\"no-lightbox\"><img loading=\"lazy\" decoding=\"async\" width=\"150\" height=\"150\" src=\"http:\/\/cvbaran.cba.com.py\/wp-content\/uploads\/2016\/09\/maestria-en-ciencias-de-datos-150x150.png\" class=\"attachment-thumbnail size-thumbnail\" alt=\"\" aria-describedby=\"gallery-2-479\" \/><\/a>\n\t\t\t<\/dt>\n\t\t\t\t<dd class='wp-caption-text gallery-caption' id='gallery-2-479'>\n\t\t\t\t<b>Lanzan la 1era. Maestr\u00eda en Ciencias de Datos del pa\u00eds.\n\t\t\t\t<\/dd><\/dl><br style=\"clear: both\" \/><dl class='gallery-item'>\n\t\t\t<dt class='gallery-icon landscape'>\n\t\t\t\t<a href=\"https:\/\/www.youtube.com\/watch?v=HGlrjQ-BM0w&list=PL8GGsWljKzjGtAGtx1OizORalM87FtMns&index=6\" class=\"no-lightbox\"><img loading=\"lazy\" decoding=\"async\" width=\"150\" height=\"150\" src=\"http:\/\/cvbaran.cba.com.py\/wp-content\/uploads\/2016\/09\/dr-tv-150x150.png\" class=\"attachment-thumbnail size-thumbnail\" alt=\"\" aria-describedby=\"gallery-2-467\" \/><\/a>\n\t\t\t<\/dt>\n\t\t\t\t<dd class='wp-caption-text gallery-caption' id='gallery-2-467'>\n\t\t\t\t<b> La Apropiaci\u00f3n de la Ciencia y la Tecnolog\u00eda en el \u00e1mbito educativo.\n\t\t\t\t<\/dd><\/dl><dl class='gallery-item'>\n\t\t\t<dt class='gallery-icon landscape'>\n\t\t\t\t<a href=\"https:\/\/www.abc.com.py\/edicion-impresa\/notas\/espero-ver-que-un-cientifico-sea-tan-valorado-como-un-futbolista-1215307.html\" class=\"no-lightbox\"><img loading=\"lazy\" decoding=\"async\" width=\"150\" height=\"150\" src=\"http:\/\/cvbaran.cba.com.py\/wp-content\/uploads\/2016\/09\/bb-abc-150x150.png\" class=\"attachment-thumbnail size-thumbnail\" alt=\"\" aria-describedby=\"gallery-2-475\" \/><\/a>\n\t\t\t<\/dt>\n\t\t\t\t<dd class='wp-caption-text gallery-caption' id='gallery-2-475'>\n\t\t\t\t<b>Espero ver que un cientifico sea tan valorado como un futbolista\n\t\t\t\t<\/dd><\/dl><dl class='gallery-item'>\n\t\t\t<dt class='gallery-icon landscape'>\n\t\t\t\t<a href='http:\/\/cvbaran.cba.com.py\/?attachment_id=473'><img loading=\"lazy\" decoding=\"async\" width=\"150\" height=\"150\" src=\"http:\/\/cvbaran.cba.com.py\/wp-content\/uploads\/2016\/09\/IMG-20220516-WA0049-150x150.jpg\" class=\"attachment-thumbnail size-thumbnail\" alt=\"\" aria-describedby=\"gallery-2-473\" srcset=\"http:\/\/cvbaran.cba.com.py\/wp-content\/uploads\/2016\/09\/IMG-20220516-WA0049-150x150.jpg 150w, http:\/\/cvbaran.cba.com.py\/wp-content\/uploads\/2016\/09\/IMG-20220516-WA0049-300x300.jpg 300w, http:\/\/cvbaran.cba.com.py\/wp-content\/uploads\/2016\/09\/IMG-20220516-WA0049-768x768.jpg 768w, http:\/\/cvbaran.cba.com.py\/wp-content\/uploads\/2016\/09\/IMG-20220516-WA0049-1024x1024.jpg 1024w, http:\/\/cvbaran.cba.com.py\/wp-content\/uploads\/2016\/09\/IMG-20220516-WA0049.jpg 1080w\" sizes=\"auto, (max-width: 150px) 100vw, 150px\" \/><\/a>\n\t\t\t<\/dt>\n\t\t\t\t<dd class='wp-caption-text gallery-caption' id='gallery-2-473'>\n\t\t\t\t<b>Introducci\u00f3n al Machine Learning\n\t\t\t\t<\/dd><\/dl><dl class='gallery-item'>\n\t\t\t<dt class='gallery-icon landscape'>\n\t\t\t\t<a href=\"https:\/\/www.lanacion.com.py\/gran-diario-domingo\/2022\/04\/03\/de-las-radios-a-valvula-a-la-computacion-cuantica\/\" class=\"no-lightbox\"><img loading=\"lazy\" decoding=\"async\" width=\"150\" height=\"150\" src=\"http:\/\/cvbaran.cba.com.py\/wp-content\/uploads\/2016\/09\/galeria_dr-150x150.png\" class=\"attachment-thumbnail size-thumbnail\" alt=\"\" aria-describedby=\"gallery-2-461\" \/><\/a>\n\t\t\t<\/dt>\n\t\t\t\t<dd class='wp-caption-text gallery-caption' id='gallery-2-461'>\n\t\t\t\t<b> De las radios a v\u00e1lvula a la computaci\u00f3n cu\u00e1ntica\n\t\t\t\t<\/dd><\/dl><br style=\"clear: both\" \/>\n\t\t<\/div>\n\n<\/div>\n<\/div>\n<\/div><\/div>\n","protected":false},"excerpt":{"rendered":"","protected":false},"author":1,"featured_media":0,"parent":0,"menu_order":0,"comment_status":"closed","ping_status":"closed","template":"","meta":{"footnotes":""},"class_list":["post-961","page","type-page","status-publish","hentry"],"_links":{"self":[{"href":"http:\/\/cvbaran.cba.com.py\/index.php?rest_route=\/wp\/v2\/pages\/961","targetHints":{"allow":["GET"]}}],"collection":[{"href":"http:\/\/cvbaran.cba.com.py\/index.php?rest_route=\/wp\/v2\/pages"}],"about":[{"href":"http:\/\/cvbaran.cba.com.py\/index.php?rest_route=\/wp\/v2\/types\/page"}],"author":[{"embeddable":true,"href":"http:\/\/cvbaran.cba.com.py\/index.php?rest_route=\/wp\/v2\/users\/1"}],"replies":[{"embeddable":true,"href":"http:\/\/cvbaran.cba.com.py\/index.php?rest_route=%2Fwp%2Fv2%2Fcomments&post=961"}],"version-history":[{"count":4,"href":"http:\/\/cvbaran.cba.com.py\/index.php?rest_route=\/wp\/v2\/pages\/961\/revisions"}],"predecessor-version":[{"id":992,"href":"http:\/\/cvbaran.cba.com.py\/index.php?rest_route=\/wp\/v2\/pages\/961\/revisions\/992"}],"wp:attachment":[{"href":"http:\/\/cvbaran.cba.com.py\/index.php?rest_route=%2Fwp%2Fv2%2Fmedia&parent=961"}],"curies":[{"name":"wp","href":"https:\/\/api.w.org\/{rel}","templated":true}]}}